{"id":7,"date":"2023-01-20T10:22:39","date_gmt":"2023-01-20T09:22:39","guid":{"rendered":"http:\/\/test33213213.you2.pl\/?page_id=7"},"modified":"2023-02-02T18:53:06","modified_gmt":"2023-02-02T17:53:06","slug":"testowa","status":"publish","type":"page","link":"https:\/\/test33213213.you2.pl\/","title":{"rendered":"Rafa\u0142 Najda"},"content":{"rendered":"\n<p><\/p>\n\n\n\n<div class=\"wp-block-contact-form-7-contact-form-selector\">[contact-form-7 404 \"Nie znaleziono\"]<\/div>\n\n\n\n<p><\/p>\n","protected":false},"excerpt":{"rendered":"","protected":false},"author":1,"featured_media":0,"parent":0,"menu_order":0,"comment_status":"closed","ping_status":"closed","template":"","meta":{"footnotes":""},"class_list":["post-7","page","type-page","status-publish","hentry"],"acf":{"address":"\u015awi\u0119tego Miko\u0142aja 67, 50-127 Wroc\u0142aw","google_maps_address_link":"https:\/\/goo.gl\/maps\/TeRNWxpY4GEawPy27","company_name":"Kancelaria Notarialna Rafa\u0142 Najda","phone_1":"+48 606 445 544","phone_2":"+48 71 245 32 54","email":"office@najda-notariusz.pl","website":"najda-notariusz.pl"},"_links":{"self":[{"href":"https:\/\/test33213213.you2.pl\/index.php\/wp-json\/wp\/v2\/pages\/7","targetHints":{"allow":["GET"]}}],"collection":[{"href":"https:\/\/test33213213.you2.pl\/index.php\/wp-json\/wp\/v2\/pages"}],"about":[{"href":"https:\/\/test33213213.you2.pl\/index.php\/wp-json\/wp\/v2\/types\/page"}],"author":[{"embeddable":true,"href":"https:\/\/test33213213.you2.pl\/index.php\/wp-json\/wp\/v2\/users\/1"}],"replies":[{"embeddable":true,"href":"https:\/\/test33213213.you2.pl\/index.php\/wp-json\/wp\/v2\/comments?post=7"}],"version-history":[{"count":6,"href":"https:\/\/test33213213.you2.pl\/index.php\/wp-json\/wp\/v2\/pages\/7\/revisions"}],"predecessor-version":[{"id":35,"href":"https:\/\/test33213213.you2.pl\/index.php\/wp-json\/wp\/v2\/pages\/7\/revisions\/35"}],"wp:attachment":[{"href":"https:\/\/test33213213.you2.pl\/index.php\/wp-json\/wp\/v2\/media?parent=7"}],"curies":[{"name":"wp","href":"https:\/\/api.w.org\/{rel}","templated":true}]}}